{"id":13137,"date":"2025-09-25T11:20:35","date_gmt":"2025-09-25T11:20:35","guid":{"rendered":"https:\/\/eyesee-learning.com\/contactez-nous\/"},"modified":"2025-09-25T11:40:21","modified_gmt":"2025-09-25T11:40:21","slug":"contactez-nous","status":"publish","type":"page","link":"https:\/\/eyesee-learning.com\/fr\/contactez-nous\/","title":{"rendered":"Contactez nous"},"content":{"rendered":"\t\t<div data-elementor-type=\"wp-page\" data-elementor-id=\"13137\" class=\"elementor elementor-13137 elementor-13126\">\n\t\t\t\t<div class=\"elementor-element elementor-element-3dd03ad e-grid e-con-boxed e-con e-parent\" data-id=\"3dd03ad\" data-element_type=\"container\" data-e-type=\"container\">\n\t\t\t\t\t<div class=\"e-con-inner\">\n\t\t\t\t<div class=\"elementor-element elementor-element-023c2ad elementor-widget elementor-widget-text-editor\" data-id=\"023c2ad\" data-element_type=\"widget\" data-e-type=\"widget\" data-widget_type=\"text-editor.default\">\n\t\t\t\t\t\t\t\t\t<h3><span style=\"color: #000000;\">Contactez nous <\/span><\/h3><h6><span style=\"color: #000000;\">N&rsquo;h\u00e9sitez pas \u00e0 contacter notre \u00e9quipe<\/span><\/h6>\t\t\t\t\t\t\t\t<\/div>\n\t\t\t\t\t<\/div>\n\t\t\t\t<\/div>\n\t\t<div class=\"elementor-element elementor-element-296b5b7 e-flex e-con-boxed e-con e-parent\" data-id=\"296b5b7\" data-element_type=\"container\" data-e-type=\"container\">\n\t\t\t\t\t<div class=\"e-con-inner\">\n\t\t<div class=\"elementor-element elementor-element-12a7128 e-con-full e-flex e-con e-child\" data-id=\"12a7128\" data-element_type=\"container\" data-e-type=\"container\">\n\t\t<div class=\"elementor-element elementor-element-732f91c e-con-full e-flex e-con e-child\" data-id=\"732f91c\" data-element_type=\"container\" data-e-type=\"container\">\n\t\t\t\t<div class=\"elementor-element elementor-element-fda1af7 elementor-widget elementor-widget-text-editor\" data-id=\"fda1af7\" data-element_type=\"widget\" data-e-type=\"widget\" data-widget_type=\"text-editor.default\">\n\t\t\t\t\t\t\t\t\t<p><span style=\"color: #000000;\">Que vous ayez des questions \u00e0 propos de nos formations, besoin de support technique ou simplement que vous souhaitez nous partager un retour, nous \u00e9quipe est \u00e0 votre disposition. <\/span><\/p><p><span style=\"color: #000000;\">Plus d&rsquo;information sur la solution<\/span> <a href=\"http:\/\/www.eyesee-drone\"><span style=\"color: #008fe3;\">EYESEE Drone<\/span><\/a><\/p><h5><span style=\"color: #008fe3;\">Nous trouver <\/span><\/h5>\t\t\t\t\t\t\t\t<\/div>\n\t\t\t\t<div class=\"elementor-element elementor-element-a3b8d71 elementor-widget elementor-widget-html\" data-id=\"a3b8d71\" data-element_type=\"widget\" data-e-type=\"widget\" data-widget_type=\"html.default\">\n\t\t\t\t\t<iframe src=\"https:\/\/www.google.com\/maps\/embed?pb=!1m18!1m12!1m3!1d2812.0966939555756!2d5.702575475435401!3d45.18513885201615!2m3!1f0!2f0!3f0!3m2!1i1024!2i768!4f13.1!3m3!1m2!1s0x478af3c3a1b0cbad%3A0x7ab9ef8965d13570!2sEYESEE%20drone!5e0!3m2!1sfr!2sfr!4v1758799331744!5m2!1sfr!2sfr\" width=\"600\" height=\"450\" style=\"border:0;\" allowfullscreen=\"\" loading=\"lazy\" referrerpolicy=\"no-referrer-when-downgrade\"><\/iframe>\t\t\t\t<\/div>\n\t\t\t\t<\/div>\n\t\t<div class=\"elementor-element elementor-element-1cf12a3 e-con-full e-flex e-con e-child\" data-id=\"1cf12a3\" data-element_type=\"container\" data-e-type=\"container\">\n\t\t\t\t<\/div>\n\t\t\t\t<\/div>\n\t\t<div class=\"elementor-element elementor-element-4b139ae e-con-full e-flex e-con e-child\" data-id=\"4b139ae\" data-element_type=\"container\" data-e-type=\"container\">\n\t\t\t\t<div class=\"elementor-element elementor-element-5400e3d elementor-widget elementor-widget-html\" data-id=\"5400e3d\" data-element_type=\"widget\" data-e-type=\"widget\" data-widget_type=\"html.default\">\n\t\t\t\t\t<script charset=\"utf-8\" type=\"text\/javascript\" src=\"\/\/js-eu1.hsforms.net\/forms\/embed\/v2.js\"><\/script>\r\n<script>\r\n  hbspt.forms.create({\r\n    portalId: \"24983242\",\r\n    formId: \"9547da87-1a6c-45a2-ad6b-c82c22aaac3f\",\r\n    region: \"eu1\"\r\n  });\r\n<\/script>\t\t\t\t<\/div>\n\t\t\t\t<\/div>\n\t\t\t\t\t<\/div>\n\t\t\t\t<\/div>\n\t\t\t\t<\/div>\n\t\t","protected":false},"excerpt":{"rendered":"<p>Contactez nous N&rsquo;h\u00e9sitez pas \u00e0 contacter notre \u00e9quipe Que vous ayez des questions \u00e0 propos de nos formations,<\/p>\n","protected":false},"author":1,"featured_media":0,"parent":0,"menu_order":0,"comment_status":"closed","ping_status":"closed","template":"","meta":{"_gspb_post_css":"","_tutorstarter_page_metadata":{"sidebar_select":"","footer_select":"","page_title_toggle":true,"header_toggle":false,"header_trans_toggle":false,"footer_toggle":false},"footnotes":""},"class_list":["post-13137","page","type-page","status-publish","hentry"],"_links":{"self":[{"href":"https:\/\/eyesee-learning.com\/fr\/wp-json\/wp\/v2\/pages\/13137","targetHints":{"allow":["GET"]}}],"collection":[{"href":"https:\/\/eyesee-learning.com\/fr\/wp-json\/wp\/v2\/pages"}],"about":[{"href":"https:\/\/eyesee-learning.com\/fr\/wp-json\/wp\/v2\/types\/page"}],"author":[{"embeddable":true,"href":"https:\/\/eyesee-learning.com\/fr\/wp-json\/wp\/v2\/users\/1"}],"replies":[{"embeddable":true,"href":"https:\/\/eyesee-learning.com\/fr\/wp-json\/wp\/v2\/comments?post=13137"}],"version-history":[{"count":5,"href":"https:\/\/eyesee-learning.com\/fr\/wp-json\/wp\/v2\/pages\/13137\/revisions"}],"predecessor-version":[{"id":13143,"href":"https:\/\/eyesee-learning.com\/fr\/wp-json\/wp\/v2\/pages\/13137\/revisions\/13143"}],"wp:attachment":[{"href":"https:\/\/eyesee-learning.com\/fr\/wp-json\/wp\/v2\/media?parent=13137"}],"curies":[{"name":"wp","href":"https:\/\/api.w.org\/{rel}","templated":true}]}}