{"id":12316,"date":"2025-09-04T13:48:43","date_gmt":"2025-09-04T13:48:43","guid":{"rendered":"https:\/\/eyesee-learning.com\/?page_id=12316"},"modified":"2025-09-22T08:33:21","modified_gmt":"2025-09-22T08:33:21","slug":"mentions-legales","status":"publish","type":"page","link":"https:\/\/eyesee-learning.com\/fr\/mentions-legales\/","title":{"rendered":"Mentions l\u00e9gales"},"content":{"rendered":"\t\t<div data-elementor-type=\"wp-page\" data-elementor-id=\"12316\" class=\"elementor elementor-12316\">\n\t\t\t\t<div class=\"elementor-element elementor-element-499cdd1 e-flex e-con-boxed e-con e-parent\" data-id=\"499cdd1\" data-element_type=\"container\" data-e-type=\"container\">\n\t\t\t\t\t<div class=\"e-con-inner\">\n\t\t\t\t<div class=\"elementor-element elementor-element-3793d0e9 elementor-widget elementor-widget-text-editor\" data-id=\"3793d0e9\" data-element_type=\"widget\" data-e-type=\"widget\" data-widget_type=\"text-editor.default\">\n\t\t\t\t\t\t\t\t\t\n<h4 id=\"mentions-legales\" class=\"wp-block-heading\"><span style=\"color: #000000;\">Mentions l\u00e9gales<\/span><\/h4>\n<p><span style=\"color: #000000;\"><\/span><\/p>\n<p><span style=\"color: #000000;\">Le site\u00a0https:\/\/eyesee-learning.com\/\u00a0est la propri\u00e9t\u00e9 de Darwin Drones<\/span><\/p>\n<p><span style=\"color: #000000;\"><\/span><\/p>\n<h3 id=\"editeur-du-site\" class=\"wp-block-heading\"><span style=\"color: #000000;\">\u00c9diteur du site<\/span><\/h3>\n<p><span style=\"color: #000000;\"><\/span><\/p>\n<p><span style=\"color: #000000;\"><strong>Statut juridique\u00a0:\u00a0<\/strong>Darwin Drones est une SAS au capital de 78 189 \u20ac<\/span><\/p>\n<p><span style=\"color: #000000;\"><\/span><\/p>\n<p><span style=\"color: #000000;\"><strong>Si\u00e8ge social\u00a0:<\/strong>\u00a012 Rue Amp\u00e8re \u2013 38 000 Grenoble, France<\/span><br \/><span style=\"color: #000000;\"><strong>Num\u00e9ro d\u2019inscription au registre du commerce et des soci\u00e9t\u00e9s :<\/strong>\u00a0RCS Grenoble 905 304 952<\/span><\/p>\n<p><span style=\"color: #000000;\"><\/span><\/p>\n<p><span style=\"color: #000000;\"><strong>Num\u00e9ro de TVA intracommunautaire :<\/strong>\u00a0FR34905304952<\/span><\/p>\n<p><span style=\"color: #000000;\"><\/span><\/p>\n<h3 id=\"1-conditions-d-utilisation\" class=\"wp-block-heading\"><span style=\"color: #000000;\">1. Conditions d\u2019utilisation<\/span><\/h3>\n<p><span style=\"color: #000000;\"><\/span><\/p>\n<p><span style=\"color: #000000;\">Le site accessible par les url suivants :\u00a0https:\/\/eyesee-learning.com\/\u00a0est exploit\u00e9 dans le respect de la l\u00e9gislation fran\u00e7aise. L\u2019utilisation de ce site est r\u00e9gie par les pr\u00e9sentes conditions g\u00e9n\u00e9rales. En utilisant le site, vous reconnaissez avoir pris connaissance de ces conditions et les avoir accept\u00e9es. Celles-ci pourront \u00eatre modifi\u00e9es \u00e0 tout moment et sans pr\u00e9avis par la soci\u00e9t\u00e9\u00a0Darwin Drones.<\/span><br \/><span style=\"color: #000000;\">Darwin Drones\u00a0ne saurait \u00eatre tenu pour responsable en aucune mani\u00e8re d\u2019une mauvaise utilisation du service.<\/span><\/p>\n<p><span style=\"color: #000000;\"><\/span><\/p>\n<h3 id=\"2-responsable-editorial-hebergeur\" class=\"wp-block-heading\"><span style=\"color: #000000;\">2. Responsable \u00e9ditorial &amp; H\u00e9bergeur<\/span><\/h3>\n<p><span style=\"color: #000000;\"><\/span><\/p>\n<p><span style=\"color: #000000;\"><strong>Directeur de la publication :<\/strong>\u00a0Madame Justine LUCAS<\/span><\/p>\n<p><span style=\"color: #000000;\"><\/span><\/p>\n<p><span style=\"color: #000000;\">justine.lucas@eyesee-drone.com<\/span><\/p>\n<p><span style=\"color: #000000;\"><\/span><\/p>\n<p><span style=\"color: #000000;\"><strong>H\u00e9bergeur :<\/strong><\/span><\/p>\n<p><span style=\"color: #000000;\"><\/span><\/p>\n<p><span style=\"color: #000000;\"><strong>OVH SAS<br \/><\/strong>2 rue Kellermann<\/span><br \/><span style=\"color: #000000;\">59100 Roubaix<\/span><br \/><span style=\"color: #000000;\">France<\/span><br \/><span style=\"color: #000000;\">T\u00e9l\u00e9phone : 1007<\/span><\/p>\n<p><span style=\"color: #000000;\"><\/span><\/p>\n<h3 id=\"3-limitation-de-responsabilite\" class=\"wp-block-heading\"><span style=\"color: #000000;\">3. Limitation de responsabilit\u00e9<\/span><\/h3>\n<p><span style=\"color: #000000;\"><\/span><\/p>\n<p><span style=\"color: #000000;\">Darwin Drones\u00a0ne garantit en aucune fa\u00e7on l\u2019exactitude, la pr\u00e9cision, l\u2019exhaustivit\u00e9 ou l\u2019ad\u00e9quation, des informations mises \u00e0 disposition sur son site, y compris l\u2019ensemble des liens hypertextes ou toute autre liaison informatique utilis\u00e9e, directement ou indirectement, \u00e0 partir de son site. Si vous constatez une erreur, une incoh\u00e9rence ou un dysfonctionnement, merci de bien vouloir le signaler au responsable de publication dont les coordonn\u00e9es sont mentionn\u00e9es sur cette page.<\/span><\/p>\n<p><span style=\"color: #000000;\"><\/span><\/p>\n<p><span style=\"color: #000000;\">Darwin Drones\u00a0d\u00e9cline toute responsabilit\u00e9 concernant l\u2019utilisation des informations publi\u00e9es sur le pr\u00e9sent site web, et de tout pr\u00e9judice direct ou indirect pouvant en d\u00e9couler.<\/span><\/p>\n<p><span style=\"color: #000000;\"><\/span><\/p>\n<p><span style=\"color: #000000;\">Les liens hypertextes pr\u00e9sents sur notre site internet et redirigeant vers d\u2019autres sites web ne sauraient engager la responsabilit\u00e9 de Darwin Drones, quel que soit leur contenu ou leurs potentiels dysfonctionnements.<\/span><\/p>\n<p><span style=\"color: #000000;\"><\/span><\/p>\n<p><span style=\"color: #000000;\">Les contenus t\u00e9l\u00e9charg\u00e9s depuis notre site se font sous la seule responsabilit\u00e9 de l\u2019utilisateur. En cons\u00e9quence, Darwin Drones\u00a0ne saurait \u00eatre tenu responsable d\u2019un quelconque dommage, sur le mat\u00e9riel ou les donn\u00e9es de l\u2019utilisateur, cons\u00e9cutif au t\u00e9l\u00e9chargement.<\/span><\/p>\n<p><span style=\"color: #000000;\"><\/span><\/p>\n<h3 id=\"4-informations-et-exclusion\" class=\"wp-block-heading\"><span style=\"color: #000000;\">4. Informations et exclusion<\/span><\/h3>\n<p><span style=\"color: #000000;\"><\/span><\/p>\n<p><span style=\"color: #000000;\">Malgr\u00e9 les efforts de Darwin Drones pour assurer une information fiable et une mise \u00e0 jour fiable de ses sites internet, des erreurs ou omissions peuvent survenir. L\u2019internaute devra donc s\u2019assurer de l\u2019exactitude des informations aupr\u00e8s de\u00a0Darwin Drones, et signaler toutes modifications du site qu\u2019il jugerait utile.\u00a0Darwin Drones\u00a0n\u2019est en aucun cas responsable de l\u2019utilisation faite de ces informations, et de tout pr\u00e9judice direct ou indirect pouvant en d\u00e9couler.<\/span><\/p>\n<p><span style=\"color: #000000;\"><\/span><\/p>\n<h3 id=\"5-propriete-intellectuelle\" class=\"wp-block-heading\"><span style=\"color: #000000;\">5. Propri\u00e9t\u00e9 intellectuelle<\/span><\/h3>\n<p><span style=\"color: #000000;\"><\/span><\/p>\n<p><span style=\"color: #000000;\">Copyright Darwin Drones. Tous droits d\u2019auteur des textes et \u0153uvres r\u00e9serv\u00e9s.<\/span><\/p>\n<p><span style=\"color: #000000;\"><\/span><\/p>\n<p><span style=\"color: #000000;\">Le site est prot\u00e9g\u00e9 par le droit d\u2019auteur. L\u2019usage de tout ou partie du site, notamment par t\u00e9l\u00e9chargement, reproduction, transmission ou repr\u00e9sentation sur tous supports et par tous proc\u00e9d\u00e9s, \u00e0 d\u2019autres fins que pour usage personnel et priv\u00e9 dans un but non commercial est strictement interdit.<\/span><\/p>\n<p><span style=\"color: #000000;\"><\/span><\/p>\n<p><span style=\"color: #000000;\">L\u2019utilisation du logo de Darwin Drones et de sa d\u00e9nomination sociale doivent faire l\u2019objet d\u2019une autorisation \u00e9crite pr\u00e9alable de la part du propri\u00e9taire.<\/span><\/p>\n<p><span style=\"color: #000000;\"><\/span><\/p>\n<p><span style=\"color: #000000;\">De fa\u00e7on g\u00e9n\u00e9rale, toute reproduction ou repr\u00e9sentation non autoris\u00e9e de marques, logos, dessins, mod\u00e8les, d\u2019\u0153uvres litt\u00e9raires, musicales, audiovisuelles, photographiques et plus g\u00e9n\u00e9ralement de tout \u00e9l\u00e9ment susceptible d\u2019\u00eatre prot\u00e9g\u00e9 par un droit de propri\u00e9t\u00e9 intellectuelle accessibles sur le site est interdite et constituerait une contrefa\u00e7on au sens des articles L335-2 et suivants du Code de la Propri\u00e9t\u00e9 Intellectuelle, \u00e0 moins que cette reproduction ou repr\u00e9sentation ne soit exclusivement r\u00e9serv\u00e9e \u00e0 un usage strictement personnel et priv\u00e9.<\/span><\/p>\n<p><span style=\"color: #000000;\"><\/span><\/p>\n<h3 id=\"6-confidentialite-des-donnees\" class=\"wp-block-heading\"><span style=\"color: #000000;\">6. Confidentialit\u00e9 des donn\u00e9es<\/span><\/h3>\n<p><span style=\"color: #000000;\"><\/span><\/p>\n<p><span style=\"color: #000000;\">La politique de confidentialit\u00e9 \u00e0 l\u2019\u00e9gard des donn\u00e9es collect\u00e9es \u00e0 partir du pr\u00e9sent site web est d\u00e9taill\u00e9e sur la page\u00a0politique de confidentialit\u00e9<\/span><\/p>\n<p><span style=\"color: #000000;\"><\/span><\/p>\n<h3 id=\"7-cookies\" class=\"wp-block-heading\"><span style=\"color: #000000;\">7. Cookies<\/span><\/h3>\n<p><span style=\"color: #000000;\"><\/span><\/p>\n<p><span style=\"color: #000000;\">L\u2019utilisation des cookies \u00e0 travers ce site web, est d\u00e9taill\u00e9e au sein de notre\u00a0politique de confidentialit\u00e9.<\/span><\/p>\n<p><span style=\"color: #000000;\"><\/span><\/p>\n<p>\u00a0<\/p>\n\t\t\t\t\t\t\t\t<\/div>\n\t\t\t\t\t<\/div>\n\t\t\t\t<\/div>\n\t\t\t\t<\/div>\n\t\t","protected":false},"excerpt":{"rendered":"<p>Mentions l\u00e9gales Le site\u00a0https:\/\/eyesee-learning.com\/\u00a0est la propri\u00e9t\u00e9 de Darwin Drones \u00c9diteur du site Statut juridique\u00a0:\u00a0Darwin Drones est une SAS<\/p>\n","protected":false},"author":1,"featured_media":0,"parent":0,"menu_order":0,"comment_status":"closed","ping_status":"closed","template":"","meta":{"_gspb_post_css":"","_tutorstarter_page_metadata":{"sidebar_select":"","footer_select":"","page_title_toggle":true,"header_toggle":false,"header_trans_toggle":false,"footer_toggle":false},"footnotes":""},"class_list":["post-12316","page","type-page","status-publish","hentry"],"_links":{"self":[{"href":"https:\/\/eyesee-learning.com\/fr\/wp-json\/wp\/v2\/pages\/12316","targetHints":{"allow":["GET"]}}],"collection":[{"href":"https:\/\/eyesee-learning.com\/fr\/wp-json\/wp\/v2\/pages"}],"about":[{"href":"https:\/\/eyesee-learning.com\/fr\/wp-json\/wp\/v2\/types\/page"}],"author":[{"embeddable":true,"href":"https:\/\/eyesee-learning.com\/fr\/wp-json\/wp\/v2\/users\/1"}],"replies":[{"embeddable":true,"href":"https:\/\/eyesee-learning.com\/fr\/wp-json\/wp\/v2\/comments?post=12316"}],"version-history":[{"count":8,"href":"https:\/\/eyesee-learning.com\/fr\/wp-json\/wp\/v2\/pages\/12316\/revisions"}],"predecessor-version":[{"id":12934,"href":"https:\/\/eyesee-learning.com\/fr\/wp-json\/wp\/v2\/pages\/12316\/revisions\/12934"}],"wp:attachment":[{"href":"https:\/\/eyesee-learning.com\/fr\/wp-json\/wp\/v2\/media?parent=12316"}],"curies":[{"name":"wp","href":"https:\/\/api.w.org\/{rel}","templated":true}]}}