{"id":11604,"date":"2025-08-19T20:20:28","date_gmt":"2025-08-19T20:20:28","guid":{"rendered":"https:\/\/eyesee-learning.com\/?page_id=11604"},"modified":"2025-10-06T08:46:24","modified_gmt":"2025-10-06T08:46:24","slug":"accueil","status":"publish","type":"page","link":"https:\/\/eyesee-learning.com\/fr\/","title":{"rendered":"Accueil"},"content":{"rendered":"\t\t<div data-elementor-type=\"wp-page\" data-elementor-id=\"11604\" class=\"elementor elementor-11604 elementor-11591\">\n\t\t\t\t<div class=\"elementor-element elementor-element-6eb9aa2 e-flex e-con-boxed e-con e-parent\" data-id=\"6eb9aa2\" data-element_type=\"container\" data-e-type=\"container\">\n\t\t\t\t\t<div class=\"e-con-inner\">\n\t\t\t\t\t<\/div>\n\t\t\t\t<\/div>\n\t\t<div class=\"elementor-element elementor-element-d45fe6d e-flex e-con-boxed e-con e-parent\" data-id=\"d45fe6d\" data-element_type=\"container\" data-e-type=\"container\" id=\"xs_cta_style_2\" data-settings=\"{&quot;background_background&quot;:&quot;classic&quot;}\">\n\t\t\t\t\t<div class=\"e-con-inner\">\n\t\t<div class=\"elementor-element elementor-element-7e2fd7db e-con-full e-flex e-con e-child\" data-id=\"7e2fd7db\" data-element_type=\"container\" data-e-type=\"container\">\n\t\t\t\t<div class=\"elementor-element elementor-element-2ac7bc9 elementor-widget elementor-widget-heading\" data-id=\"2ac7bc9\" data-element_type=\"widget\" data-e-type=\"widget\" data-widget_type=\"heading.default\">\n\t\t\t\t\t<h5 class=\"elementor-heading-title elementor-size-default\">bienvenue sur eyesee learning<\/h5>\t\t\t\t<\/div>\n\t\t\t\t<div class=\"elementor-element elementor-element-0f3a0a0 elementor-widget elementor-widget-text-editor\" data-id=\"0f3a0a0\" data-element_type=\"widget\" data-e-type=\"widget\" data-widget_type=\"text-editor.default\">\n\t\t\t\t\t\t\t\t\t<p>Votre plateforme d&rsquo;apprentissage d\u00e9di\u00e9e pour piloter vos inventaires en toute confiance.<\/p>\t\t\t\t\t\t\t\t<\/div>\n\t\t\t\t<div class=\"elementor-element elementor-element-dad6cbb elementor-align-left elementor-widget elementor-widget-button\" data-id=\"dad6cbb\" data-element_type=\"widget\" data-e-type=\"widget\" data-widget_type=\"button.default\">\n\t\t\t\t\t\t\t\t\t\t<a class=\"elementor-button elementor-button-link elementor-size-sm\" href=\"##how-it-work\">\n\t\t\t\t\t\t<span class=\"elementor-button-content-wrapper\">\n\t\t\t\t\t\t\t\t\t<span class=\"elementor-button-text\">Comment \u00e7a marche ?<\/span>\n\t\t\t\t\t<\/span>\n\t\t\t\t\t<\/a>\n\t\t\t\t\t\t\t\t<\/div>\n\t\t\t\t<\/div>\n\t\t\t\t<div class=\"elementor-element elementor-element-3cb7c51 elementor-align-center elementor-hidden-desktop elementor-hidden-tablet elementor-hidden-mobile elementor-widget elementor-widget-button\" data-id=\"3cb7c51\" data-element_type=\"widget\" data-e-type=\"widget\" data-widget_type=\"button.default\">\n\t\t\t\t\t\t\t\t\t\t<a class=\"elementor-button elementor-button-link elementor-size-sm\" href=\"#\">\n\t\t\t\t\t\t<span class=\"elementor-button-content-wrapper\">\n\t\t\t\t\t\t\t\t\t<span class=\"elementor-button-text\">Bouton de test <\/span>\n\t\t\t\t\t<\/span>\n\t\t\t\t\t<\/a>\n\t\t\t\t\t\t\t\t<\/div>\n\t\t<div class=\"elementor-element elementor-element-820ad97 e-con-full e-flex e-con e-child\" data-id=\"820ad97\" data-element_type=\"container\" data-e-type=\"container\">\n\t\t\t\t<div class=\"elementor-element elementor-element-b049904 elementor-widget elementor-widget-image\" data-id=\"b049904\" data-element_type=\"widget\" data-e-type=\"widget\" data-widget_type=\"image.default\">\n\t\t\t\t\t\t\t\t\t\t\t\t\t\t\t<img fetchpriority=\"high\" decoding=\"async\" width=\"1741\" height=\"2000\" src=\"https:\/\/eyesee-learning.com\/wp-content\/uploads\/2025\/07\/Sans-titre-148-x-170-mm.png\" class=\"attachment-full size-full wp-image-10635\" alt=\"\" srcset=\"https:\/\/eyesee-learning.com\/wp-content\/uploads\/2025\/07\/Sans-titre-148-x-170-mm.png 1741w, https:\/\/eyesee-learning.com\/wp-content\/uploads\/2025\/07\/Sans-titre-148-x-170-mm-261x300.png 261w, https:\/\/eyesee-learning.com\/wp-content\/uploads\/2025\/07\/Sans-titre-148-x-170-mm-891x1024.png 891w, https:\/\/eyesee-learning.com\/wp-content\/uploads\/2025\/07\/Sans-titre-148-x-170-mm-768x882.png 768w, https:\/\/eyesee-learning.com\/wp-content\/uploads\/2025\/07\/Sans-titre-148-x-170-mm-1337x1536.png 1337w\" sizes=\"(max-width: 1741px) 100vw, 1741px\" \/>\t\t\t\t\t\t\t\t\t\t\t\t\t\t\t<\/div>\n\t\t\t\t<\/div>\n\t\t\t\t\t<\/div>\n\t\t\t\t<\/div>\n\t\t<div class=\"elementor-element elementor-element-5436e02 e-flex e-con-boxed e-con e-parent\" data-id=\"5436e02\" data-element_type=\"container\" data-e-type=\"container\" data-settings=\"{&quot;background_background&quot;:&quot;gradient&quot;}\">\n\t\t\t\t\t<div class=\"e-con-inner\">\n\t\t\t\t<div class=\"elementor-element elementor-element-784b3d3 elementor-widget elementor-widget-heading\" data-id=\"784b3d3\" data-element_type=\"widget\" data-e-type=\"widget\" data-widget_type=\"heading.default\">\n\t\t\t\t\t<h2 class=\"elementor-heading-title elementor-size-default\">Ils nous font confiance<\/h2>\t\t\t\t<\/div>\n\t\t\t\t<div class=\"elementor-element elementor-element-073f89d elementor-widget elementor-widget-image-carousel\" data-id=\"073f89d\" data-element_type=\"widget\" data-e-type=\"widget\" data-settings=\"{&quot;slides_to_show&quot;:&quot;4&quot;,&quot;slides_to_scroll&quot;:&quot;2&quot;,&quot;navigation&quot;:&quot;none&quot;,&quot;image_spacing_custom&quot;:{&quot;unit&quot;:&quot;px&quot;,&quot;size&quot;:100,&quot;sizes&quot;:[]},&quot;autoplay_speed&quot;:750,&quot;speed&quot;:2000,&quot;autoplay&quot;:&quot;yes&quot;,&quot;infinite&quot;:&quot;yes&quot;,&quot;image_spacing_custom_tablet&quot;:{&quot;unit&quot;:&quot;px&quot;,&quot;size&quot;:&quot;&quot;,&quot;sizes&quot;:[]},&quot;image_spacing_custom_mobile&quot;:{&quot;unit&quot;:&quot;px&quot;,&quot;size&quot;:&quot;&quot;,&quot;sizes&quot;:[]}}\" data-widget_type=\"image-carousel.default\">\n\t\t\t\t\t\t\t<div class=\"elementor-image-carousel-wrapper swiper\" role=\"region\" aria-roledescription=\"carousel\" aria-label=\"Logos Caroussel\" dir=\"ltr\">\n\t\t\t<div class=\"elementor-image-carousel swiper-wrapper swiper-image-stretch\" aria-live=\"off\">\n\t\t\t\t\t\t\t\t<div class=\"swiper-slide\" role=\"group\" aria-roledescription=\"slide\" aria-label=\"1 sur 6\"><figure class=\"swiper-slide-inner\"><img decoding=\"async\" class=\"swiper-slide-image\" src=\"https:\/\/eyesee-learning.com\/wp-content\/uploads\/2025\/08\/LOreal_logo.svg_-300x54.png\" alt=\"Loreal-Logo\" \/><\/figure><\/div><div class=\"swiper-slide\" role=\"group\" aria-roledescription=\"slide\" aria-label=\"2 sur 6\"><figure class=\"swiper-slide-inner\"><img decoding=\"async\" class=\"swiper-slide-image\" src=\"https:\/\/eyesee-learning.com\/wp-content\/uploads\/2025\/08\/Logo_Nature__Decouvertes-300x83.png\" alt=\"Nature-et-D\u00e9couvertes\" \/><\/figure><\/div><div class=\"swiper-slide\" role=\"group\" aria-roledescription=\"slide\" aria-label=\"3 sur 6\"><figure class=\"swiper-slide-inner\"><img decoding=\"async\" class=\"swiper-slide-image\" src=\"https:\/\/eyesee-learning.com\/wp-content\/uploads\/2025\/08\/GKN_Automotive_Logo_2021-300x101.png\" alt=\"GKN Automotive-Logo\" \/><\/figure><\/div><div class=\"swiper-slide\" role=\"group\" aria-roledescription=\"slide\" aria-label=\"4 sur 6\"><figure class=\"swiper-slide-inner\"><img decoding=\"async\" class=\"swiper-slide-image\" src=\"https:\/\/eyesee-learning.com\/wp-content\/uploads\/2025\/08\/leroy-logistique-logo-1024x209-1-300x61.png\" alt=\"LeRoy-Logistique-Logo\" \/><\/figure><\/div><div class=\"swiper-slide\" role=\"group\" aria-roledescription=\"slide\" aria-label=\"5 sur 6\"><figure class=\"swiper-slide-inner\"><img decoding=\"async\" class=\"swiper-slide-image\" src=\"https:\/\/eyesee-learning.com\/wp-content\/uploads\/2025\/08\/France_Boissons.svg_-300x40.png\" alt=\"France-Boisson-Logo\" \/><\/figure><\/div><div class=\"swiper-slide\" role=\"group\" aria-roledescription=\"slide\" aria-label=\"6 sur 6\"><figure class=\"swiper-slide-inner\"><img decoding=\"async\" class=\"swiper-slide-image\" src=\"https:\/\/eyesee-learning.com\/wp-content\/uploads\/2025\/08\/deret-logistique-logo-300x119.jpg\" alt=\"Deret-Logistique-Logo\" \/><\/figure><\/div>\t\t\t<\/div>\n\t\t\t\t\t\t\t\n\t\t\t\t\t\t\t\t\t<\/div>\n\t\t\t\t\t\t<\/div>\n\t\t\t\t\t<\/div>\n\t\t\t\t<\/div>\n\t\t<div class=\"elementor-element elementor-element-5595fb4 e-flex e-con-boxed e-con e-parent\" data-id=\"5595fb4\" data-element_type=\"container\" data-e-type=\"container\">\n\t\t\t\t\t<div class=\"e-con-inner\">\n\t\t\t\t<div class=\"elementor-element elementor-element-12b6b04 elementor-widget elementor-widget-spacer\" data-id=\"12b6b04\" data-element_type=\"widget\" data-e-type=\"widget\" data-widget_type=\"spacer.default\">\n\t\t\t\t\t\t\t<div class=\"elementor-spacer\">\n\t\t\t<div class=\"elementor-spacer-inner\"><\/div>\n\t\t<\/div>\n\t\t\t\t\t\t<\/div>\n\t\t\t\t<div class=\"elementor-element elementor-element-1df23fe elementor-widget elementor-widget-video\" data-id=\"1df23fe\" data-element_type=\"widget\" data-e-type=\"widget\" id=\"#how-it-work\" data-settings=\"{&quot;youtube_url&quot;:&quot;https:\\\/\\\/youtu.be\\\/R0VN7GsiNB8&quot;,&quot;video_type&quot;:&quot;youtube&quot;,&quot;controls&quot;:&quot;yes&quot;}\" data-widget_type=\"video.default\">\n\t\t\t\t\t\t\t<div class=\"elementor-wrapper elementor-open-inline\">\n\t\t\t<div class=\"elementor-video\"><\/div>\t\t<\/div>\n\t\t\t\t\t\t<\/div>\n\t\t\t\t\t<\/div>\n\t\t\t\t<\/div>\n\t\t<div class=\"elementor-element elementor-element-9536d27 e-flex e-con-boxed e-con e-parent\" data-id=\"9536d27\" data-element_type=\"container\" data-e-type=\"container\">\n\t\t\t\t\t<div class=\"e-con-inner\">\n\t\t\t\t\t<\/div>\n\t\t\t\t<\/div>\n\t\t<div class=\"elementor-element elementor-element-546d50c e-flex e-con-boxed e-con e-parent\" data-id=\"546d50c\" data-element_type=\"container\" data-e-type=\"container\">\n\t\t\t\t\t<div class=\"e-con-inner\">\n\t\t\t\t<div class=\"elementor-element elementor-element-68bd953 elementor-widget elementor-widget-html\" data-id=\"68bd953\" data-element_type=\"widget\" data-e-type=\"widget\" data-widget_type=\"html.default\">\n\t\t\t\t\t\r\n<!--La partie li\u00e9e au Get Started bouton-->\r\n<!--<div class=\"tutor-modal tutor-login-modal\">-->\r\n<!--\t<div class=\"tutor-modal-overlay\"><\/div>-->\r\n\r\n<!--<div class=\"tutor-modal-window tutor-modal-window-sm\">-->\r\n<!--\t\t<div class=\"tutor-modal-content tutor-modal-content-white\">-->\r\n<!--\t\t\t<button class=\"tutor-iconic-btn tutor-modal-close-o\" data-tutor-modal-close=\"\">-->\r\n<!--\t\t\t\t<span class=\"tutor-icon-times\" area-hidden=\"true\"><\/span>-->\r\n<!--\t\t\t<\/button>-->\r\n\r\n<!--\t\t\t<div class=\"tutor-modal-body\">-->\r\n<!--\t\t\t\t<div class=\"tutor-py-48\">-->\r\n<!--\t\t\t\t\t\t\t\t\t\t<div class=\"tutor-fs-4 tutor-fw-medium tutor-color-black tutor-mb-32\">Bonjour, Bon retour !<\/div>-->\r\n<!--\t\t\t\t\t<form id=\"tutor-login-form\" method=\"post\" data-dashlane-rid=\"245783166bf8156b\" data-dashlane-classification=\"login\">-->\r\n<!--\t\t<input type=\"hidden\" id=\"_tutor_nonce\" name=\"_tutor_nonce\" value=\"b9f7dc1e78\"><input type=\"hidden\" name=\"_wp_http_referer\" value=\"\/fr\/\">\t<input type=\"hidden\" name=\"tutor_action\" value=\"tutor_user_login\">-->\r\n<!--\t<input type=\"hidden\" name=\"redirect_to\" value=\"https:\/\/eyesee-learning.com\/fr\/\">-->\r\n\r\n<!--\t<div class=\"tutor-mb-20\">-->\r\n<!--\t\t<input type=\"text\" class=\"tutor-form-control\" placeholder=\"Nom d'utilisateur ou Adresse Email\" name=\"log\" value=\"\" size=\"20\" required=\"\" data-dashlane-rid=\"ba2baffa4c2050a3\" data-dashlane-classification=\"email,username\" data-kwimpalastatus=\"alive\" data-kwimpalaid=\"1755680479784-6\">-->\r\n<!--\t<\/div>-->\r\n\r\n<!--\t<div class=\"tutor-mb-32\">-->\r\n<!--\t\t<input type=\"password\" class=\"tutor-form-control\" placeholder=\"Mot de passe\" name=\"pwd\" value=\"\" size=\"20\" required=\"\" data-dashlane-rid=\"4e41f8a8b1da76e2\" data-dashlane-classification=\"password\" data-kwimpalastatus=\"alive\" data-kwimpalaid=\"1755680479784-7\">-->\r\n<!--\t<\/div>-->\r\n\r\n<!--\t<div class=\"tutor-login-error\"><\/div>-->\r\n<!--\t\t\t<input type=\"hidden\" name=\"timezone\" value=\"Europe\/Paris\">-->\r\n<!--\t\t<script>-->\r\n<!--\t\t\tdocument.addEventListener('DOMContentLoaded', function() {-->\r\n<!--\t\t\t\tconst timezone = document.querySelector('input[name=\"timezone\"]');-->\r\n<!--\t\t\t\tif ( timezone) {-->\r\n<!--\t\t\t\t\tconst tz = Intl.DateTimeFormat().resolvedOptions().timeZone;-->\r\n<!--\t\t\t\t\ttimezone.value = tz-->\r\n<!--\t\t\t\t}-->\r\n<!--\t\t\t});-->\r\n<!--\t\t<\/script>-->\r\n<!--\t\t\t<div class=\"tutor-d-flex tutor-justify-between tutor-align-center tutor-mb-40\">-->\r\n<!--\t\t<div class=\"tutor-form-check\">-->\r\n<!--\t\t\t<input id=\"tutor-login-agmnt-1\" type=\"checkbox\" class=\"tutor-form-check-input tutor-bg-black-40\" name=\"rememberme\" value=\"forever\" data-dashlane-rid=\"64b1630767eae083\" data-dashlane-classification=\"consent,rememberme\">-->\r\n<!--\t\t\t<label for=\"tutor-login-agmnt-1\" class=\"tutor-fs-7 tutor-color-muted\">-->\r\n<!--\t\t\t\tRester connect\u00e9\t\t\t<\/label>-->\r\n<!--\t\t<\/div>-->\r\n<!--\t\t<a href=\"https:\/\/eyesee-learning.com\/fr\/wp-login.php?action=lostpassword\" class=\"tutor-btn tutor-btn-ghost\">-->\r\n<!--\t\t\tMot de passe oubli\u00e9 ?\t\t<\/a>-->\r\n<!--\t<\/div>-->\r\n\r\n<!--\t\t<button type=\"submit\" class=\"tutor-btn tutor-btn-primary tutor-btn-block\" data-dashlane-label=\"true\" data-dashlane-rid=\"c52de93c354fbd59\" data-dashlane-classification=\"action,login\" data-kwimpalastatus=\"dead\">-->\r\n<!--\t\tSe connecter\t<\/button>-->\r\n\t\t\r\n\t\t\r\n\t\r\n\t\t<!--\t\t\t<div class=\"tutor-text-center tutor-fs-6 tutor-color-secondary tutor-mt-20\">-->\r\n\t\t<!--Vous n'avez pas encore de compte ??&nbsp;-->\r\n\t\t<!--\t<a href=\"https:\/\/eyesee-learning.com\/fr\/page-dinscription-des-apprenants-2\/?redirect_to=https:\/\/eyesee-learning.com\/fr\/student-sign-up-page\/\" class=\"tutor-btn tutor-btn-link\">-->\r\n\t\t<!--\t\tS'inscrire maintenant\t\t\t<\/a>-->\r\n\t\t<!--<\/div>-->\r\n\t\t\r\n\t\t\r\n<!--\t\t<\/form>-->\r\n<!--<script>-->\r\n<!--\tdocument.addEventListener('DOMContentLoaded', function() {-->\r\n<!--\t        var nonceField = document.querySelector('#_tutor_nonce');-->\r\n<!--    if (nonceField && typeof _tutorobject !== \"undefined\") {-->\r\n<!--        nonceField.value = _tutorobject._tutor_nonce;-->\r\n<!--    }-->\r\n<!--\t\tvar btnGetStarted = document.querySelector('.btn-getstarted');-->\r\n<!--\t\tvar loginModal = document.querySelector('.tutor-modal.tutor-login-modal');-->\r\n\r\n<!--\t\tif (btnGetStarted) {-->\r\n<!--\t\t\tbtnGetStarted.addEventListener('click', function() {-->\r\n<!--\t\t\t\tif (loginModal) {-->\r\n<!--\t\t\t\t\tloginModal.classList.add('tutor-is-active');-->\r\n<!--\t\t\t\t}-->\r\n<!--\t\t\t});-->\r\n<!--\t\t}-->\r\n<!--\t});-->\r\n<!--<\/script>-->\r\n\r\n\r\n\r\n<!--\t\t\t\t\t\t\t\t\t<\/div>-->\r\n<!--\t\t\t\t\t\t\t<\/div>-->\r\n<!--\t\t<\/div>-->\r\n<!--\t<\/div>-->\r\n\r\n\r\n\r\n<!--La partie des cartes certifications-->\r\n\r\n<!--<script>-->\r\n<!--document.getElementById(\"cards\").onmousemove = (e) => {-->\r\n<!--  for (const card of document.getElementsByClassName(\"card\")) {-->\r\n<!--    const rect = card.getBoundingClientRect(),-->\r\n<!--          x = e.clientX - rect.left,-->\r\n<!--          y = e.clientY - rect.top;-->\r\n\r\n<!--    card.style.setProperty(\"--mouse-x\", `${x}px`);-->\r\n<!--    card.style.setProperty(\"--mouse-y\", `${y}px`);-->\r\n<!--  }-->\r\n<!--};-->\r\n<!--<\/script>-->\r\n\t\t\t\t<\/div>\n\t\t\t\t\t<\/div>\n\t\t\t\t<\/div>\n\t\t\t\t<\/div>\n\t\t","protected":false},"excerpt":{"rendered":"<p>bienvenue sur eyesee learning Votre plateforme d&rsquo;apprentissage d\u00e9di\u00e9e pour piloter vos inventaires en toute confiance. Comment \u00e7a marche<\/p>\n","protected":false},"author":1,"featured_media":0,"parent":0,"menu_order":0,"comment_status":"closed","ping_status":"closed","template":"elementor_header_footer","meta":{"_gspb_post_css":"","_tutorstarter_page_metadata":[],"footnotes":""},"class_list":["post-11604","page","type-page","status-publish","hentry"],"_links":{"self":[{"href":"https:\/\/eyesee-learning.com\/fr\/wp-json\/wp\/v2\/pages\/11604","targetHints":{"allow":["GET"]}}],"collection":[{"href":"https:\/\/eyesee-learning.com\/fr\/wp-json\/wp\/v2\/pages"}],"about":[{"href":"https:\/\/eyesee-learning.com\/fr\/wp-json\/wp\/v2\/types\/page"}],"author":[{"embeddable":true,"href":"https:\/\/eyesee-learning.com\/fr\/wp-json\/wp\/v2\/users\/1"}],"replies":[{"embeddable":true,"href":"https:\/\/eyesee-learning.com\/fr\/wp-json\/wp\/v2\/comments?post=11604"}],"version-history":[{"count":92,"href":"https:\/\/eyesee-learning.com\/fr\/wp-json\/wp\/v2\/pages\/11604\/revisions"}],"predecessor-version":[{"id":14405,"href":"https:\/\/eyesee-learning.com\/fr\/wp-json\/wp\/v2\/pages\/11604\/revisions\/14405"}],"wp:attachment":[{"href":"https:\/\/eyesee-learning.com\/fr\/wp-json\/wp\/v2\/media?parent=11604"}],"curies":[{"name":"wp","href":"https:\/\/api.w.org\/{rel}","templated":true}]}}